{"id":86,"date":"2023-12-05T15:18:26","date_gmt":"2023-12-05T15:18:26","guid":{"rendered":"https:\/\/hinges-htan.com\/?page_id=86"},"modified":"2026-03-18T06:24:25","modified_gmt":"2026-03-18T06:24:25","slug":"kontaktieren-sie-uns","status":"publish","type":"page","link":"https:\/\/hinges-htan.com\/de\/kontaktieren-sie-uns\/","title":{"rendered":"Kontakt"},"content":{"rendered":"<div class=\"wp-block-greenshift-blocks-row gspb_row gspb_row-id-gsbp-26a214c gspb_row--gutter-30\" id=\"gspb_row-id-gsbp-26a214c\"><div class=\"gspb_row__content\"> \n<div class=\"wp-block-greenshift-blocks-row-column gspb_row__col--6 gspb_col-id-gsbp-d37f5ec\" id=\"gspb_col-id-gsbp-d37f5ec\">\n<h2 id=\"gspb_heading-id-gsbp-98a037c\" class=\"gspb_heading gspb_heading-id-gsbp-98a037c\">LASSEN SIE UNS IN KONTAKT BLEIBEN<span class=\"gspb_heading_subtitle\">Wir freuen uns darauf, von Ihnen zu h\u00f6ren!<\/span><\/h2>\n\n\n<div class=\"ct-block-wrapper\">\n<div class=\"ct-contact-info-block\" style=\"--theme-icon-size:20px;--items-direction:column;--background-color:rgba(218, 222, 228, 0.5);--background-hover-color:rgba(218, 222, 228, 0.7);\">\n\t\t<ul data-icons-type=\"rounded:outline\">\n\t\t\t\t\t\t\t\t\t\t\t<li class=\"\">\n\t\t\t\t\t<span class=\"ct-icon-container\"><svg aria-hidden=\"true\" width='15' height='15' viewbox='0 0 20 20'><path d='M13.5,20H6.5c-1.6,0-2.9-1.3-2.9-2.9V2.9C3.5,1.3,4.8,0,6.5,0h7.1c1.6,0,2.9,1.3,2.9,2.9v14.1C16.5,18.7,15.2,20,13.5,20zM6.7,1.7C5.8,1.7,5,2.5,5,3.4v13.2c0,0.9,0.7,1.7,1.7,1.7h6.6c0.9,0,1.7-0.7,1.7-1.7V3.4c0-0.9-0.7-1.7-1.7-1.7H6.7z'\/><path d='M11.2,4.4H8.8c-0.3,0-0.6-0.3-0.6-0.6s0.3-0.6,0.6-0.6h2.4c0.3,0,0.6,0.3,0.6,0.6S11.5,4.4,11.2,4.4z'\/><circle cx='10' cy='15.7' r='1.2'\/><\/svg><\/span>\n\t\t\t\t\t\t\t\t\t\t\t<div class=\"contact-info\">\n\t\t\t\t\t\t\t\t\t\t\t\t\t\t\t<span class=\"contact-title\">\n\t\t\t\t\t\t\t\t\tHandy\/WhatsApp:\t\t\t\t\t\t\t\t<\/span>\n\t\t\t\t\t\t\t\n\t\t\t\t\t\t\t\t\t\t\t\t\t\t\t<span class=\"contact-text\">\n\t\t\t\t\t\t\t\t\t\n\t\t\t\t\t\t\t\t\t+86 13720060320\n\t\t\t\t\t\t\t\t\t\t\t\t\t\t\t\t\t<\/span>\n\t\t\t\t\t\t\t\t\t\t\t\t\t<\/div>\n\t\t\t\t\t\t\t\t\t<\/li>\n\t\t\t\t\t\t\t\t\t\t\t<li class=\"\">\n\t\t\t\t\t<span class=\"ct-icon-container\"><svg aria-hidden=\"true\" width='15' height='15' viewbox='0 0 15 15'><path d='M12.8 2.2C11.4.8 9.5 0 7.5 0S3.6.8 2.2 2.2C.8 3.6 0 5.5 0 7.5 0 11.6 3.4 15 7.5 15c1.6 0 3.3-.5 4.6-1.5.3-.2.4-.7.1-1-.2-.3-.7-.4-1-.1-1.1.8-2.4 1.3-3.7 1.3-3.4 0-6.1-2.8-6.1-6.1 0-1.6.6-3.2 1.8-4.3C4.3 2 5.9 1.4 7.5 1.4c1.6 0 3.2.6 4.3 1.8 1.2 1.2 1.8 2.7 1.8 4.3v.7c0 .8-.6 1.4-1.4 1.4s-1.4-.6-1.4-1.4V4.8c0-.4-.3-.7-.7-.7-.4 0-.7.3-.7.7-.4-.4-1.1-.7-1.9-.7-1.9 0-3.4 1.5-3.4 3.4s1.5 3.4 3.4 3.4c1 0 1.9-.5 2.5-1.2.5.7 1.3 1.2 2.2 1.2 1.5 0 2.7-1.2 2.7-2.7v-.7c.1-2-.7-3.9-2.1-5.3zM7.5 9.5c-1.1 0-2-.9-2-2s.9-2 2-2 2 .9 2 2-.9 2-2 2z'\/><\/svg><\/span>\n\t\t\t\t\t\t\t\t\t\t\t<div class=\"contact-info\">\n\t\t\t\t\t\t\t\t\t\t\t\t\t\t\t<span class=\"contact-title\">\n\t\t\t\t\t\t\t\t\tE-Mail:\t\t\t\t\t\t\t\t<\/span>\n\t\t\t\t\t\t\t\n\t\t\t\t\t\t\t\t\t\t\t\t\t\t\t<span class=\"contact-text\">\n\t\t\t\t\t\t\t\t\t\n\t\t\t\t\t\t\t\t\tlanna@haitangs.com\n\t\t\t\t\t\t\t\t\t\t\t\t\t\t\t\t\t<\/span>\n\t\t\t\t\t\t\t\t\t\t\t\t\t<\/div>\n\t\t\t\t\t\t\t\t\t<\/li>\n\t\t\t\t\t\t\t\t\t\t\t<li class=\"\">\n\t\t\t\t\t<span class=\"ct-icon-container\"><svg aria-hidden=\"true\" width='15' height='15' viewbox='0 0 15 15'><path d='M7.5,0C3.4,0,0,3.4,0,7.5S3.4,15,7.5,15S15,11.6,15,7.5S11.6,0,7.5,0z M7.5,13.6c-3.4,0-6.1-2.8-6.1-6.1c0-3.4,2.8-6.1,6.1-6.1c3.4,0,6.1,2.8,6.1,6.1C13.6,10.9,10.9,13.6,7.5,13.6z M10.8,9.2c-0.1,0.2-0.4,0.4-0.6,0.4c-0.1,0-0.2,0-0.3-0.1L7.2,8.1C7,8,6.8,7.8,6.8,7.5V4c0-0.4,0.3-0.7,0.7-0.7S8.2,3.6,8.2,4v3.1l2.4,1.2C10.9,8.4,11,8.8,10.8,9.2z'\/><\/svg><\/span>\n\t\t\t\t\t\t\t\t\t\t\t<div class=\"contact-info\">\n\t\t\t\t\t\t\t\t\t\t\t\t\t\t\t<span class=\"contact-title\">\n\t\t\t\t\t\t\t\t\tGesch\u00e4ftszeiten:\t\t\t\t\t\t\t\t<\/span>\n\t\t\t\t\t\t\t\n\t\t\t\t\t\t\t\t\t\t\t\t\t\t\t<span class=\"contact-text\">\n\t\t\t\t\t\t\t\t\t\n\t\t\t\t\t\t\t\t\tMontag bis Freitag (9AM - 6PM)\n\t\t\t\t\t\t\t\t\t\t\t\t\t\t\t\t\t<\/span>\n\t\t\t\t\t\t\t\t\t\t\t\t\t<\/div>\n\t\t\t\t\t\t\t\t\t<\/li>\n\t\t\t\t\t\t\t\t\t\t\t<li class=\"\">\n\t\t\t\t\t<span class=\"ct-icon-container\"><svg aria-hidden=\"true\" width='15' height='15' viewbox='0 0 15 15'><path d='M7.5,0C4.05365,0,1.25,2.80365,1.25,6.25c0,4.65576,5.66223,8.4845,5.90332,8.64502.10498.07019.22583.10498.34668.10498s.2417-.03479.34668-.10498c.24109-.16052,5.90332-3.98926,5.90332-8.64502,0-3.44635-2.80396-6.25-6.25-6.25ZM7.5,13.60657c-1.18561-.87952-5-3.97339-5-7.35657C2.5,3.49304,4.74304,1.25,7.5,1.25s5,2.24304,5,5c0,3.38318-3.81409,6.47705-5,7.35657ZM7.5,3.75c-1.37848,0-2.5,1.12152-2.5,2.5,0,1.37878,1.12152,2.5,2.5,2.5,1.37878,0,2.5-1.12122,2.5-2.5,0-1.37848-1.12122-2.5-2.5-2.5ZM7.5,7.5c-.68939,0-1.25-.56061-1.25-1.25s.56061-1.25,1.25-1.25c.68909,0,1.25.56061,1.25,1.25s-.56091,1.25-1.25,1.25Z'\/><\/svg><\/span>\n\t\t\t\t\t\t\t\t\t\t\t<div class=\"contact-info\">\n\t\t\t\t\t\t\t\t\t\t\t\t\t\t\t<span class=\"contact-title\">\n\t\t\t\t\t\t\t\t\tAdresse:\t\t\t\t\t\t\t\t<\/span>\n\t\t\t\t\t\t\t\n\t\t\t\t\t\t\t\t\t\t\t\t\t\t\t<span class=\"contact-text\">\n\t\t\t\t\t\t\t\t\t\n\t\t\t\t\t\t\t\t\tRaum 201, Nr. 4 Pingling Second Street, Dongcheng Street, Dongguan City, Guangdong, China\n\t\t\t\t\t\t\t\t\t\t\t\t\t\t\t\t\t<\/span>\n\t\t\t\t\t\t\t\t\t\t\t\t\t<\/div>\n\t\t\t\t\t\t\t\t\t<\/li>\n\t\t\t\t\t<\/ul>\n\n\t\t<\/div>\n<\/div><\/div>\n\n\n\n<div class=\"wp-block-greenshift-blocks-row-column gspb_row__col--6 gspb_col-id-gsbp-c1745f4\" id=\"gspb_col-id-gsbp-c1745f4\">\n<h2 id=\"gspb_heading-id-gsbp-738882f\" class=\"gspb_heading gspb_heading-id-gsbp-738882f\">SENDEN SIE UNS EINE E-MAIL<span class=\"gspb_heading_subtitle\">Um den Verlust zuverl\u00e4ssiger Partner zu vermeiden, wenden Sie sich bitte an HTAM<\/span><\/h2>\n\n\n<div class='fluentform ff-inherit-theme-style fluentform_wrapper_1  ff_guten_block'><form data-form_id=\"1\" id=\"fluentform_1\" class=\"frm-fluent-form fluent_form_1 ff-el-form-top ff_form_instance_1_1 ff-form-loading ffs_inherit_theme\" data-form_instance=\"ff_form_instance_1_1\" method=\"POST\" action=\"\" ><fieldset  style=\"border: none!important;margin: 0!important;padding: 0!important;background-color: transparent!important;box-shadow: none!important;outline: none!important; min-inline-size: 100%;\">\n                    <legend class=\"ff_screen_reader_title\" style=\"display: block; margin: 0!important;padding: 0!important;height: 0!important;text-indent: -999999px;width: 0!important;overflow:hidden;\">Kontakt-Formular<\/legend>        <div\n                style=\"display: none!important; position: absolute!important; transform: translateX(1000%)!important;\"\n                class=\"ff-el-group ff-hpsf-container\"\n        >\n            <div class=\"ff-el-input--label asterisk-right\">\n                <label for=\"ff_1_item_sf\" aria-label=\"Abonnieren\">\n                    Abonnieren                <\/label>\n            <\/div>\n            <div class=\"ff-el-input--content\">\n                <input type=\"text\"\n                       name=\"item_1__fluent_sf\"\n                       class=\"ff-el-form-control\"\n                       id=\"ff_1_item_sf\"\n                \/>\n            <\/div>\n        <\/div>\n        <input type='hidden' name='__fluent_form_embded_post_id' value='86' \/><input type=\"hidden\" id=\"_fluentform_1_fluentformnonce\" name=\"_fluentform_1_fluentformnonce\" value=\"22aa4272ab\" \/><input type=\"hidden\" name=\"_wp_http_referer\" value=\"\/de\/wp-json\/wp\/v2\/pages\/86\" \/><div data-type=\"name-element\" data-name=\"names\" class=\"ff-field_container ff-name-field-wrapper\" ><div class='ff-t-container'><div class='ff-t-cell'><div class='ff-el-group  ff-el-form-hide_label'><div class=\"ff-el-input--label ff-el-is-required asterisk-right\"><label for='ff_1_names_first_name_' >Name<\/label><\/div><div class='ff-el-input--content'><input type=\"text\" name=\"names[first_name]\" id=\"ff_1_names_first_name_\" class=\"ff-el-form-control\" placeholder=\"* Name\" tabindex=\"1\" aria-invalid=\"false\" aria-required=\"true\"><\/div><\/div><\/div><\/div><\/div><div class='ff-el-group ff-el-form-hide_label'><div class=\"ff-el-input--label ff-el-is-required asterisk-right\"><label for='ff_1_email' aria-label=\"E-Mail\">E-Mail<\/label><\/div><div class='ff-el-input--content'><input type=\"email\" name=\"email\" id=\"ff_1_email\" class=\"ff-el-form-control\" placeholder=\"* E-Mail Adresse\" data-name=\"email\" tabindex=\"2\"  aria-invalid=\"false\" aria-required=\"true\"><\/div><\/div><div class='ff-el-group ff-el-form-hide_label'><div class=\"ff-el-input--label asterisk-right\"><label for='ff_1_subject' aria-label=\"Thema\">Thema<\/label><\/div><div class='ff-el-input--content'><input type=\"text\" name=\"subject\" class=\"ff-el-form-control\" placeholder=\"Thema\" data-name=\"subject\" tabindex=\"3\" id=\"ff_1_subject\"  aria-invalid=\"false\" aria-required=\"false\"><\/div><\/div><div class='ff-el-group ff-el-form-hide_label'><div class=\"ff-el-input--label ff-el-is-required asterisk-right\"><label for='ff_1_message' aria-label=\"Ihre Nachricht\">Ihre Nachricht<\/label><\/div><div class='ff-el-input--content'><textarea aria-invalid=\"false\" aria-required=\"true\" name=\"message\" id=\"ff_1_message\" class=\"ff-el-form-control\" placeholder=\"* Ihre Nachricht\" rows=\"4\" cols=\"2\" data-name=\"message\" tabindex=\"4\" ><\/textarea><\/div><\/div><div class='ff-el-group ff-text-left ff_submit_btn_wrapper'><button type=\"submit\" class=\"ff-btn ff-btn-submit ff-btn-md ff_btn_no_style\" tabindex=\"5\" >SUBMIT<\/button><\/div><\/fieldset><input type=\"hidden\" name=\"trp-form-language\" value=\"de\"\/><\/form><div id='fluentform_1_errors' class='ff-errors-in-stack ff_form_instance_1_1 ff-form-loading_errors ff_form_instance_1_1_errors'><\/div><\/div>        <script type=\"text\/javascript\">\n            window.fluent_form_ff_form_instance_1_1 = {\"id\":\"1\",\"settings\":{\"layout\":{\"labelPlacement\":\"top\",\"helpMessagePlacement\":\"with_label\",\"errorMessagePlacement\":\"inline\",\"cssClassName\":\"\",\"asteriskPlacement\":\"asterisk-right\"},\"restrictions\":{\"denyEmptySubmission\":{\"enabled\":false}}},\"form_instance\":\"ff_form_instance_1_1\",\"form_id_selector\":\"fluentform_1\",\"rules\":{\"names[first_name]\":{\"required\":{\"value\":true,\"message\":\"This field is required\",\"global\":false,\"global_message\":\"This field is required\"}},\"names[middle_name]\":{\"required\":{\"value\":false,\"message\":\"This field is required\",\"global\":false,\"global_message\":\"This field is required\"}},\"names[last_name]\":{\"required\":{\"value\":false,\"message\":\"This field is required\",\"global\":false,\"global_message\":\"This field is required\"}},\"email\":{\"required\":{\"value\":true,\"message\":\"This field is required\",\"global\":false,\"global_message\":\"This field is required\"},\"email\":{\"value\":true,\"message\":\"This field must contain a valid email\",\"global\":false,\"global_message\":\"This field must contain a valid email\"}},\"subject\":{\"required\":{\"value\":false,\"message\":\"This field is required\",\"global\":false,\"global_message\":\"This field is required\"}},\"message\":{\"required\":{\"value\":true,\"message\":\"This field is required\",\"global\":false,\"global_message\":\"This field is required\"}}},\"debounce_time\":300};\n                    <\/script>\n        <\/div>\n <\/div><\/div>\n\n\n\n<p><\/p>","protected":false},"excerpt":{"rendered":"","protected":false},"author":1,"featured_media":0,"parent":0,"menu_order":0,"comment_status":"closed","ping_status":"closed","template":"","meta":{"_acf_changed":false,"_gspb_post_css":"#gspb_row-id-gsbp-26a214c{justify-content:space-between;margin-top:0;margin-bottom:0;display:flex;flex-wrap:wrap}#gspb_row-id-gsbp-26a214c>.gspb_row__content{display:flex;justify-content:space-between;margin:0 auto;width:100%;flex-wrap:wrap}.gspb_row{position:relative}div[id^=gspb_col-id]{box-sizing:border-box;position:relative;padding:var(--gs-row-column-padding, 15px min(3vw, 20px))}body.gspb-bodyfront #gspb_row-id-gsbp-26a214c>.gspb_row__content{width:var(--theme-container-width, 1200px);max-width:var(--theme-normal-container-max-width, 1200px)}#gspb_col-id-gsbp-d37f5ec.gspb_row__col--6{width:calc(50% - 15px)}@media (max-width:991.98px){#gspb_col-id-gsbp-d37f5ec.gspb_row__col--6{width:calc(50% - 15px)}}@media (max-width:767.98px){#gspb_col-id-gsbp-d37f5ec.gspb_row__col--6{width:calc(50% - 15px)}}@media (max-width:575.98px){#gspb_col-id-gsbp-d37f5ec.gspb_row__col--6{width:100%}}.gspb_row #gspb_col-id-gsbp-c1745f4.gspb_row__col--6,.gspb_row #gspb_col-id-gsbp-d37f5ec.gspb_row__col--6{padding-right:0;padding-left:0}#gspb_heading-id-gsbp-98a037c{margin-top:0;margin-bottom:30px}#gspb_heading-id-gsbp-98a037c .gspb_heading_subtitle,#gspb_subheading-id-gsbp-98a037c{display:block;font-size:17px;line-height:22px;margin-top:5px;font-weight:400!important}#gspb_col-id-gsbp-c1745f4.gspb_row__col--6{width:calc(50% - 15px)}@media (max-width:991.98px){#gspb_col-id-gsbp-c1745f4.gspb_row__col--6{width:calc(50% - 15px)}}@media (max-width:767.98px){#gspb_col-id-gsbp-c1745f4.gspb_row__col--6{width:calc(50% - 15px)}}@media (max-width:575.98px){#gspb_col-id-gsbp-c1745f4.gspb_row__col--6{width:100%}}#gspb_heading-id-gsbp-738882f{margin-top:0;margin-bottom:30px}#gspb_heading-id-gsbp-738882f .gspb_heading_subtitle,#gspb_subheading-id-gsbp-738882f{display:block;font-size:17px;line-height:22px;margin-top:5px;font-weight:400!important}","footnotes":""},"class_list":["post-86","page","type-page","status-publish","hentry"],"blocksy_meta":[],"yoast_head":"<!-- This site is optimized with the Yoast SEO plugin v25.3 - https:\/\/yoast.com\/wordpress\/plugins\/seo\/ -->\n<title>Contact Us - Hinges Manufacturer<\/title>\n<meta name=\"description\" content=\"Contact HTAN for high-quality industrial hinges, locks, and accessories. Expert support and custom solutions available.\" \/>\n<meta name=\"robots\" content=\"index, follow, max-snippet:-1, max-image-preview:large, max-video-preview:-1\" \/>\n<link rel=\"canonical\" href=\"https:\/\/hinges-htan.com\/de\/kontaktieren-sie-uns\/\" \/>\n<meta property=\"og:locale\" content=\"de_DE\" \/>\n<meta property=\"og:type\" content=\"article\" \/>\n<meta property=\"og:title\" content=\"Contact Us - Hinges Manufacturer\" \/>\n<meta property=\"og:description\" content=\"Contact HTAN for high-quality industrial hinges, locks, and accessories. Expert support and custom solutions available.\" \/>\n<meta property=\"og:url\" content=\"https:\/\/hinges-htan.com\/de\/kontaktieren-sie-uns\/\" \/>\n<meta property=\"og:site_name\" content=\"Hinges Manufacturer\" \/>\n<meta property=\"article:modified_time\" content=\"2026-03-18T06:24:25+00:00\" \/>\n<meta name=\"twitter:card\" content=\"summary_large_image\" \/>\n<meta name=\"twitter:label1\" content=\"Gesch\u00e4tzte Lesezeit\" \/>\n\t<meta name=\"twitter:data1\" content=\"1\u00a0Minute\" \/>\n<script type=\"application\/ld+json\" class=\"yoast-schema-graph\">{\"@context\":\"https:\/\/schema.org\",\"@graph\":[{\"@type\":\"WebPage\",\"@id\":\"https:\/\/hinges-htan.com\/contact-us\/\",\"url\":\"https:\/\/hinges-htan.com\/contact-us\/\",\"name\":\"Contact Us - Hinges Manufacturer\",\"isPartOf\":{\"@id\":\"https:\/\/hinges-htan.com\/#website\"},\"datePublished\":\"2023-12-05T15:18:26+00:00\",\"dateModified\":\"2026-03-18T06:24:25+00:00\",\"description\":\"Contact HTAN for high-quality industrial hinges, locks, and accessories. Expert support and custom solutions available.\",\"breadcrumb\":{\"@id\":\"https:\/\/hinges-htan.com\/contact-us\/#breadcrumb\"},\"inLanguage\":\"de\",\"potentialAction\":[{\"@type\":\"ReadAction\",\"target\":[\"https:\/\/hinges-htan.com\/contact-us\/\"]}]},{\"@type\":\"BreadcrumbList\",\"@id\":\"https:\/\/hinges-htan.com\/contact-us\/#breadcrumb\",\"itemListElement\":[{\"@type\":\"ListItem\",\"position\":1,\"name\":\"\u9996\u9875\",\"item\":\"https:\/\/hinges-htan.com\/\"},{\"@type\":\"ListItem\",\"position\":2,\"name\":\"Contact Us\"}]},{\"@type\":\"WebSite\",\"@id\":\"https:\/\/hinges-htan.com\/#website\",\"url\":\"https:\/\/hinges-htan.com\/\",\"name\":\"HTAN Industrial Hinges Manufacturer\",\"description\":\"Cabinet &amp; Enclosure Hinge Solutions\",\"publisher\":{\"@id\":\"https:\/\/hinges-htan.com\/#organization\"},\"potentialAction\":[{\"@type\":\"SearchAction\",\"target\":{\"@type\":\"EntryPoint\",\"urlTemplate\":\"https:\/\/hinges-htan.com\/?s={search_term_string}\"},\"query-input\":{\"@type\":\"PropertyValueSpecification\",\"valueRequired\":true,\"valueName\":\"search_term_string\"}}],\"inLanguage\":\"de\"},{\"@type\":\"Organization\",\"@id\":\"https:\/\/hinges-htan.com\/#organization\",\"name\":\"HTAN Industrial Hinges Manufacturer\",\"url\":\"https:\/\/hinges-htan.com\/\",\"logo\":{\"@type\":\"ImageObject\",\"inLanguage\":\"de\",\"@id\":\"https:\/\/hinges-htan.com\/#\/schema\/logo\/image\/\",\"url\":\"https:\/\/hinges-htan.com\/wp-content\/uploads\/2025\/06\/htan-logo.png\",\"contentUrl\":\"https:\/\/hinges-htan.com\/wp-content\/uploads\/2025\/06\/htan-logo.png\",\"width\":726,\"height\":172,\"caption\":\"HTAN Industrial Hinges Manufacturer\"},\"image\":{\"@id\":\"https:\/\/hinges-htan.com\/#\/schema\/logo\/image\/\"}}]}<\/script>\n<!-- \/ Yoast SEO plugin. -->","yoast_head_json":{"title":"Kontakt - Scharniere Hersteller","description":"Wenden Sie sich an HTAN f\u00fcr hochwertige industrielle Scharniere, Schl\u00f6sser und Zubeh\u00f6r. Fachkundige Unterst\u00fctzung und kundenspezifische L\u00f6sungen sind verf\u00fcgbar.","robots":{"index":"index","follow":"follow","max-snippet":"max-snippet:-1","max-image-preview":"max-image-preview:large","max-video-preview":"max-video-preview:-1"},"canonical":"https:\/\/hinges-htan.com\/de\/kontaktieren-sie-uns\/","og_locale":"de_DE","og_type":"article","og_title":"Contact Us - Hinges Manufacturer","og_description":"Contact HTAN for high-quality industrial hinges, locks, and accessories. Expert support and custom solutions available.","og_url":"https:\/\/hinges-htan.com\/de\/kontaktieren-sie-uns\/","og_site_name":"Hinges Manufacturer","article_modified_time":"2026-03-18T06:24:25+00:00","twitter_card":"summary_large_image","twitter_misc":{"Gesch\u00e4tzte Lesezeit":"1\u00a0Minute"},"schema":{"@context":"https:\/\/schema.org","@graph":[{"@type":"WebPage","@id":"https:\/\/hinges-htan.com\/contact-us\/","url":"https:\/\/hinges-htan.com\/contact-us\/","name":"Kontakt - Scharniere Hersteller","isPartOf":{"@id":"https:\/\/hinges-htan.com\/#website"},"datePublished":"2023-12-05T15:18:26+00:00","dateModified":"2026-03-18T06:24:25+00:00","description":"Wenden Sie sich an HTAN f\u00fcr hochwertige industrielle Scharniere, Schl\u00f6sser und Zubeh\u00f6r. Fachkundige Unterst\u00fctzung und kundenspezifische L\u00f6sungen sind verf\u00fcgbar.","breadcrumb":{"@id":"https:\/\/hinges-htan.com\/contact-us\/#breadcrumb"},"inLanguage":"de","potentialAction":[{"@type":"ReadAction","target":["https:\/\/hinges-htan.com\/contact-us\/"]}]},{"@type":"BreadcrumbList","@id":"https:\/\/hinges-htan.com\/contact-us\/#breadcrumb","itemListElement":[{"@type":"ListItem","position":1,"name":"\u9996\u9875","item":"https:\/\/hinges-htan.com\/"},{"@type":"ListItem","position":2,"name":"Contact Us"}]},{"@type":"WebSite","@id":"https:\/\/hinges-htan.com\/#website","url":"https:\/\/hinges-htan.com\/","name":"HTAN Industrielle Scharniere Hersteller","description":"Scharnierl\u00f6sungen f\u00fcr Schr\u00e4nke und Geh\u00e4use","publisher":{"@id":"https:\/\/hinges-htan.com\/#organization"},"potentialAction":[{"@type":"SearchAction","target":{"@type":"EntryPoint","urlTemplate":"https:\/\/hinges-htan.com\/?s={search_term_string}"},"query-input":{"@type":"PropertyValueSpecification","valueRequired":true,"valueName":"search_term_string"}}],"inLanguage":"de"},{"@type":"Organization","@id":"https:\/\/hinges-htan.com\/#organization","name":"HTAN Industrielle Scharniere Hersteller","url":"https:\/\/hinges-htan.com\/","logo":{"@type":"ImageObject","inLanguage":"de","@id":"https:\/\/hinges-htan.com\/#\/schema\/logo\/image\/","url":"https:\/\/hinges-htan.com\/wp-content\/uploads\/2025\/06\/htan-logo.png","contentUrl":"https:\/\/hinges-htan.com\/wp-content\/uploads\/2025\/06\/htan-logo.png","width":726,"height":172,"caption":"HTAN Industrial Hinges Manufacturer"},"image":{"@id":"https:\/\/hinges-htan.com\/#\/schema\/logo\/image\/"}}]}},"acf":[],"_links":{"self":[{"href":"https:\/\/hinges-htan.com\/de\/wp-json\/wp\/v2\/pages\/86","targetHints":{"allow":["GET"]}}],"collection":[{"href":"https:\/\/hinges-htan.com\/de\/wp-json\/wp\/v2\/pages"}],"about":[{"href":"https:\/\/hinges-htan.com\/de\/wp-json\/wp\/v2\/types\/page"}],"author":[{"embeddable":true,"href":"https:\/\/hinges-htan.com\/de\/wp-json\/wp\/v2\/users\/1"}],"replies":[{"embeddable":true,"href":"https:\/\/hinges-htan.com\/de\/wp-json\/wp\/v2\/comments?post=86"}],"version-history":[{"count":0,"href":"https:\/\/hinges-htan.com\/de\/wp-json\/wp\/v2\/pages\/86\/revisions"}],"wp:attachment":[{"href":"https:\/\/hinges-htan.com\/de\/wp-json\/wp\/v2\/media?parent=86"}],"curies":[{"name":"wp","href":"https:\/\/api.w.org\/{rel}","templated":true}]}}